{"id":143,"date":"2024-06-21T15:49:59","date_gmt":"2024-06-21T15:49:59","guid":{"rendered":"http:\/\/gnomos.cl\/inicio\/?page_id=143"},"modified":"2024-06-21T16:18:52","modified_gmt":"2024-06-21T16:18:52","slug":"area-diseno","status":"publish","type":"page","link":"https:\/\/gnomos.cl\/inicio\/area-diseno\/","title":{"rendered":"Area Dise\u00f1o Grafico"},"content":{"rendered":"\t\t<div data-elementor-type=\"wp-page\" data-elementor-id=\"143\" class=\"elementor elementor-143\">\n\t\t\t\t<div class=\"elementor-element elementor-element-b139ce8 e-flex e-con-boxed e-con e-parent\" data-id=\"b139ce8\" data-element_type=\"container\">\n\t\t\t\t\t<div class=\"e-con-inner\">\n\t\t<div class=\"elementor-element elementor-element-5929f98 e-con-full e-flex e-con e-child\" data-id=\"5929f98\" data-element_type=\"container\">\n\t\t\t\t<div class=\"elementor-element elementor-element-1bba88f elementor-widget elementor-widget-heading\" data-id=\"1bba88f\" data-element_type=\"widget\" data-widget_type=\"heading.default\">\n\t\t\t\t<div class=\"elementor-widget-container\">\n\t\t\t<style>\/*! elementor - v3.21.0 - 26-05-2024 *\/\n.elementor-heading-title{padding:0;margin:0;line-height:1}.elementor-widget-heading .elementor-heading-title[class*=elementor-size-]>a{color:inherit;font-size:inherit;line-height:inherit}.elementor-widget-heading .elementor-heading-title.elementor-size-small{font-size:15px}.elementor-widget-heading .elementor-heading-title.elementor-size-medium{font-size:19px}.elementor-widget-heading .elementor-heading-title.elementor-size-large{font-size:29px}.elementor-widget-heading .elementor-heading-title.elementor-size-xl{font-size:39px}.elementor-widget-heading .elementor-heading-title.elementor-size-xxl{font-size:59px}<\/style><h2 class=\"elementor-heading-title elementor-size-default\">Area de Dise\u00f1o Gr\u00e1fico<\/h2>\t\t<\/div>\n\t\t\t\t<\/div>\n\t\t\t\t<div class=\"elementor-element elementor-element-aba6d3b elementor-widget elementor-widget-text-editor\" data-id=\"aba6d3b\" data-element_type=\"widget\" data-widget_type=\"text-editor.default\">\n\t\t\t\t<div class=\"elementor-widget-container\">\n\t\t\t<style>\/*! elementor - v3.21.0 - 26-05-2024 *\/\n.elementor-widget-text-editor.elementor-drop-cap-view-stacked .elementor-drop-cap{background-color:#69727d;color:#fff}.elementor-widget-text-editor.elementor-drop-cap-view-framed .elementor-drop-cap{color:#69727d;border:3px solid;background-color:transparent}.elementor-widget-text-editor:not(.elementor-drop-cap-view-default) .elementor-drop-cap{margin-top:8px}.elementor-widget-text-editor:not(.elementor-drop-cap-view-default) .elementor-drop-cap-letter{width:1em;height:1em}.elementor-widget-text-editor .elementor-drop-cap{float:left;text-align:center;line-height:1;font-size:50px}.elementor-widget-text-editor .elementor-drop-cap-letter{display:inline-block}<\/style>\t\t\t\t<p class=\"Estilo8\">Nuestros Servicios de Dise\u00f1o Gr\u00e1fico son:<\/p><ul><li><strong>Imagen Corporativa<\/strong><\/li><li><strong>Dise\u00f1o de Paginas Web<\/strong><\/li><li><strong>Redise\u00f1os de Paginas Web<\/strong><\/li><li><strong>Dise\u00f1o de Papelerias Coprporativas<\/strong><\/li><li><strong>Dise\u00f1o de Afiches<\/strong><\/li><li><strong>Campa\u00f1as Publicitarias<\/strong><\/li><\/ul>\t\t\t\t\t\t<\/div>\n\t\t\t\t<\/div>\n\t\t\t\t<\/div>\n\t\t<div class=\"elementor-element elementor-element-97c538f e-con-full e-flex e-con e-child\" data-id=\"97c538f\" data-element_type=\"container\">\n\t\t\t\t<div class=\"elementor-element elementor-element-b5cea87 elementor-widget elementor-widget-image\" data-id=\"b5cea87\" data-element_type=\"widget\" data-widget_type=\"image.default\">\n\t\t\t\t<div class=\"elementor-widget-container\">\n\t\t\t<style>\/*! elementor - v3.21.0 - 26-05-2024 *\/\n.elementor-widget-image{text-align:center}.elementor-widget-image a{display:inline-block}.elementor-widget-image a img[src$=\".svg\"]{width:48px}.elementor-widget-image img{vertical-align:middle;display:inline-block}<\/style>\t\t\t\t\t\t\t\t\t\t<img fetchpriority=\"high\" decoding=\"async\" width=\"245\" height=\"555\" src=\"https:\/\/gnomos.cl\/inicio\/wp-content\/uploads\/2024\/06\/disenografico.png\" class=\"attachment-large size-large wp-image-148\" alt=\"\" srcset=\"https:\/\/gnomos.cl\/inicio\/wp-content\/uploads\/2024\/06\/disenografico.png 245w, https:\/\/gnomos.cl\/inicio\/wp-content\/uploads\/2024\/06\/disenografico-132x300.png 132w\" sizes=\"(max-width: 245px) 100vw, 245px\" \/>\t\t\t\t\t\t\t\t\t\t\t\t\t<\/div>\n\t\t\t\t<\/div>\n\t\t\t\t<\/div>\n\t\t\t\t\t<\/div>\n\t\t\t\t<\/div>\n\t\t\t\t<\/div>\n\t\t","protected":false},"excerpt":{"rendered":"<p>Area de Dise\u00f1o Gr\u00e1fico Nuestros Servicios de Dise\u00f1o Gr\u00e1fico son: Imagen Corporativa Dise\u00f1o de Paginas Web Redise\u00f1os de Paginas Web Dise\u00f1o de Papelerias Coprporativas Dise\u00f1o de Afiches Campa\u00f1as Publicitarias<\/p>\n","protected":false},"author":1,"featured_media":0,"parent":0,"menu_order":0,"comment_status":"closed","ping_status":"closed","template":"","meta":{"footnotes":""},"class_list":["post-143","page","type-page","status-publish","hentry"],"_links":{"self":[{"href":"https:\/\/gnomos.cl\/inicio\/wp-json\/wp\/v2\/pages\/143","targetHints":{"allow":["GET"]}}],"collection":[{"href":"https:\/\/gnomos.cl\/inicio\/wp-json\/wp\/v2\/pages"}],"about":[{"href":"https:\/\/gnomos.cl\/inicio\/wp-json\/wp\/v2\/types\/page"}],"author":[{"embeddable":true,"href":"https:\/\/gnomos.cl\/inicio\/wp-json\/wp\/v2\/users\/1"}],"replies":[{"embeddable":true,"href":"https:\/\/gnomos.cl\/inicio\/wp-json\/wp\/v2\/comments?post=143"}],"version-history":[{"count":10,"href":"https:\/\/gnomos.cl\/inicio\/wp-json\/wp\/v2\/pages\/143\/revisions"}],"predecessor-version":[{"id":154,"href":"https:\/\/gnomos.cl\/inicio\/wp-json\/wp\/v2\/pages\/143\/revisions\/154"}],"wp:attachment":[{"href":"https:\/\/gnomos.cl\/inicio\/wp-json\/wp\/v2\/media?parent=143"}],"curies":[{"name":"wp","href":"https:\/\/api.w.org\/{rel}","templated":true}]}}