{"id":122,"date":"2024-06-19T14:54:01","date_gmt":"2024-06-19T14:54:01","guid":{"rendered":"http:\/\/gnomos.cl\/inicio\/?page_id=122"},"modified":"2024-06-19T17:33:44","modified_gmt":"2024-06-19T17:33:44","slug":"area-de-impresion","status":"publish","type":"page","link":"https:\/\/gnomos.cl\/inicio\/area-de-impresion\/","title":{"rendered":"Area de Impresion"},"content":{"rendered":"\t\t<div data-elementor-type=\"wp-page\" data-elementor-id=\"122\" class=\"elementor elementor-122\">\n\t\t\t\t<div class=\"elementor-element elementor-element-6f65e85 e-flex e-con-boxed e-con e-parent\" data-id=\"6f65e85\" data-element_type=\"container\">\n\t\t\t\t\t<div class=\"e-con-inner\">\n\t\t<div class=\"elementor-element elementor-element-2832d71 e-con-full e-flex e-con e-child\" data-id=\"2832d71\" data-element_type=\"container\">\n\t\t\t\t<div class=\"elementor-element elementor-element-259389f elementor-widget elementor-widget-heading\" data-id=\"259389f\" data-element_type=\"widget\" data-widget_type=\"heading.default\">\n\t\t\t\t<div class=\"elementor-widget-container\">\n\t\t\t<style>\/*! elementor - v3.21.0 - 26-05-2024 *\/\n.elementor-heading-title{padding:0;margin:0;line-height:1}.elementor-widget-heading .elementor-heading-title[class*=elementor-size-]>a{color:inherit;font-size:inherit;line-height:inherit}.elementor-widget-heading .elementor-heading-title.elementor-size-small{font-size:15px}.elementor-widget-heading .elementor-heading-title.elementor-size-medium{font-size:19px}.elementor-widget-heading .elementor-heading-title.elementor-size-large{font-size:29px}.elementor-widget-heading .elementor-heading-title.elementor-size-xl{font-size:39px}.elementor-widget-heading .elementor-heading-title.elementor-size-xxl{font-size:59px}<\/style><h2 class=\"elementor-heading-title elementor-size-default\">Area de Impresi\u00f3n<\/h2>\t\t<\/div>\n\t\t\t\t<\/div>\n\t\t\t\t<div class=\"elementor-element elementor-element-15acc75 elementor-widget elementor-widget-text-editor\" data-id=\"15acc75\" data-element_type=\"widget\" data-widget_type=\"text-editor.default\">\n\t\t\t\t<div class=\"elementor-widget-container\">\n\t\t\t<style>\/*! elementor - v3.21.0 - 26-05-2024 *\/\n.elementor-widget-text-editor.elementor-drop-cap-view-stacked .elementor-drop-cap{background-color:#69727d;color:#fff}.elementor-widget-text-editor.elementor-drop-cap-view-framed .elementor-drop-cap{color:#69727d;border:3px solid;background-color:transparent}.elementor-widget-text-editor:not(.elementor-drop-cap-view-default) .elementor-drop-cap{margin-top:8px}.elementor-widget-text-editor:not(.elementor-drop-cap-view-default) .elementor-drop-cap-letter{width:1em;height:1em}.elementor-widget-text-editor .elementor-drop-cap{float:left;text-align:center;line-height:1;font-size:50px}.elementor-widget-text-editor .elementor-drop-cap-letter{display:inline-block}<\/style>\t\t\t\t<p>Imprime tus documentos en color en nuestra imprenta digital, con gran calidad de impresi\u00f3n para tirajes cortos y medios y en un tiempo de respuesta record. Solicita la cantidad que necesites imprimir y elige entre un gran abanico de acabados:<br \/><br \/><span class=\"Estilo8\">Escaneo de planos y documentos<\/span><\/p><p>Esc\u00e1ner profesional, digitaliza en minutos grandes cantidades de planos y documentos en CDS, DVD o crean documentos en formatos de uso universal como PDF. Esto permite reducir el espacio de almacenamiento f\u00edsico y evitar el deterioro de sus planos en papel.<br \/>La alta profundidad y resoluci\u00f3n de escaneo permite digitalizar im\u00e1genes en cualquier formato compatible con los m\u00e1s populares programas de retoque como Corel Draw, Ilustrator, Adobe Photoshop, etc.<\/p><p class=\"Estilo8\">Impresi\u00f3n de grandes formatos (ploteos)<\/p><p>En\u00a0 Los GNOMOS\u00a0 somos especialistas en impresiones digitales en gran formato. Ploteamos tus planos y dem\u00e1s documentos de gran formato tanto en B\/N como en Color.<br \/>En Los GNOMOS sabemos cuales son tus necesidades y trabajamos para cumplirlas.<\/p><p class=\"Estilo8\">Servicios Area de Preimpresi\u00f3n<\/p><p><img decoding=\"async\" src=\"https:\/\/web.archive.org\/web\/20180812140959im_\/http:\/\/www.extraimagen.cl\/imagenes\/fle.jpg\" width=\"9\" height=\"11\" border=\"0\" \/>Maquetaci\u00f3n<\/p><p><img decoding=\"async\" src=\"https:\/\/web.archive.org\/web\/20180812140959im_\/http:\/\/www.extraimagen.cl\/imagenes\/fle.jpg\" width=\"9\" height=\"11\" border=\"0\" \/>Fotocomposici\u00f3n<\/p><p><img decoding=\"async\" src=\"https:\/\/web.archive.org\/web\/20180812140959im_\/http:\/\/www.extraimagen.cl\/imagenes\/fle.jpg\" width=\"9\" height=\"11\" border=\"0\" \/>Scaneado en alta resoluci\u00f3n<\/p><p><span class=\"Estilo8\">Servicios Area de Impresi\u00f3n<\/span><br \/><br \/><img decoding=\"async\" src=\"https:\/\/web.archive.org\/web\/20180812140959im_\/http:\/\/www.extraimagen.cl\/imagenes\/fle.jpg\" width=\"9\" height=\"11\" border=\"0\" \/>Impresi\u00f3n laser blanco y negro<br \/><img decoding=\"async\" src=\"https:\/\/web.archive.org\/web\/20180812140959im_\/http:\/\/www.extraimagen.cl\/imagenes\/fle.jpg\" width=\"9\" height=\"11\" border=\"0\" \/>Impresi\u00f3n laser full color<br \/><br \/>Impresi\u00f3n offset Digital (sobre tela,pvc,backlite)<\/p><p><img decoding=\"async\" src=\"https:\/\/web.archive.org\/web\/20180812140959im_\/http:\/\/www.extraimagen.cl\/imagenes\/fle.jpg\" width=\"9\" height=\"11\" border=\"0\" \/>Impresi\u00f3n fotografica digital<br \/><img decoding=\"async\" src=\"https:\/\/web.archive.org\/web\/20180812140959im_\/http:\/\/www.extraimagen.cl\/imagenes\/fle.jpg\" width=\"9\" height=\"11\" border=\"0\" \/>Ploteo de planos color, papel Bond y Fotogr\u00e1fico<br \/><img decoding=\"async\" src=\"https:\/\/web.archive.org\/web\/20180812140959im_\/http:\/\/www.extraimagen.cl\/imagenes\/fle.jpg\" width=\"9\" height=\"11\" border=\"0\" \/>Ploter de corte<br \/><img decoding=\"async\" src=\"https:\/\/web.archive.org\/web\/20180812140959im_\/http:\/\/www.extraimagen.cl\/imagenes\/fle.jpg\" width=\"9\" height=\"11\" border=\"0\" \/>Gigantograf\u00edas en PVC, adhesivos,etc)<\/p>\t\t\t\t\t\t<\/div>\n\t\t\t\t<\/div>\n\t\t\t\t<\/div>\n\t\t<div class=\"elementor-element elementor-element-f1a5576 e-con-full e-flex e-con e-child\" data-id=\"f1a5576\" data-element_type=\"container\">\n\t\t\t\t<div class=\"elementor-element elementor-element-8d78e47 elementor-widget elementor-widget-image\" data-id=\"8d78e47\" data-element_type=\"widget\" data-widget_type=\"image.default\">\n\t\t\t\t<div class=\"elementor-widget-container\">\n\t\t\t<style>\/*! elementor - v3.21.0 - 26-05-2024 *\/\n.elementor-widget-image{text-align:center}.elementor-widget-image a{display:inline-block}.elementor-widget-image a img[src$=\".svg\"]{width:48px}.elementor-widget-image img{vertical-align:middle;display:inline-block}<\/style>\t\t\t\t\t\t\t\t\t\t<img fetchpriority=\"high\" decoding=\"async\" width=\"800\" height=\"619\" src=\"https:\/\/gnomos.cl\/inicio\/wp-content\/uploads\/2024\/06\/impresion.webp\" class=\"attachment-large size-large wp-image-128\" alt=\"\" srcset=\"https:\/\/gnomos.cl\/inicio\/wp-content\/uploads\/2024\/06\/impresion.webp 1000w, https:\/\/gnomos.cl\/inicio\/wp-content\/uploads\/2024\/06\/impresion-300x232.webp 300w, https:\/\/gnomos.cl\/inicio\/wp-content\/uploads\/2024\/06\/impresion-768x594.webp 768w\" sizes=\"(max-width: 800px) 100vw, 800px\" \/>\t\t\t\t\t\t\t\t\t\t\t\t\t<\/div>\n\t\t\t\t<\/div>\n\t\t\t\t<div class=\"elementor-element elementor-element-eea0b7e elementor-widget elementor-widget-image\" data-id=\"eea0b7e\" data-element_type=\"widget\" data-widget_type=\"image.default\">\n\t\t\t\t<div class=\"elementor-widget-container\">\n\t\t\t\t\t\t\t\t\t\t\t\t\t<img decoding=\"async\" width=\"800\" height=\"547\" src=\"https:\/\/gnomos.cl\/inicio\/wp-content\/uploads\/2024\/06\/ploteoplanos-1.jpg\" class=\"attachment-large size-large wp-image-131\" alt=\"\" srcset=\"https:\/\/gnomos.cl\/inicio\/wp-content\/uploads\/2024\/06\/ploteoplanos-1.jpg 1000w, https:\/\/gnomos.cl\/inicio\/wp-content\/uploads\/2024\/06\/ploteoplanos-1-300x205.jpg 300w, https:\/\/gnomos.cl\/inicio\/wp-content\/uploads\/2024\/06\/ploteoplanos-1-768x525.jpg 768w\" sizes=\"(max-width: 800px) 100vw, 800px\" \/>\t\t\t\t\t\t\t\t\t\t\t\t\t<\/div>\n\t\t\t\t<\/div>\n\t\t\t\t<div class=\"elementor-element elementor-element-b77df95 elementor-widget elementor-widget-image\" data-id=\"b77df95\" data-element_type=\"widget\" data-widget_type=\"image.default\">\n\t\t\t\t<div class=\"elementor-widget-container\">\n\t\t\t\t\t\t\t\t\t\t\t\t\t<img loading=\"lazy\" decoding=\"async\" width=\"365\" height=\"294\" src=\"https:\/\/gnomos.cl\/inicio\/wp-content\/uploads\/2024\/06\/impresion2.jpg\" class=\"attachment-large size-large wp-image-129\" alt=\"\" srcset=\"https:\/\/gnomos.cl\/inicio\/wp-content\/uploads\/2024\/06\/impresion2.jpg 365w, https:\/\/gnomos.cl\/inicio\/wp-content\/uploads\/2024\/06\/impresion2-300x242.jpg 300w\" sizes=\"(max-width: 365px) 100vw, 365px\" \/>\t\t\t\t\t\t\t\t\t\t\t\t\t<\/div>\n\t\t\t\t<\/div>\n\t\t\t\t<\/div>\n\t\t\t\t\t<\/div>\n\t\t\t\t<\/div>\n\t\t\t\t<\/div>\n\t\t","protected":false},"excerpt":{"rendered":"<p>Area de Impresi\u00f3n Imprime tus documentos en color en nuestra imprenta digital, con gran calidad de impresi\u00f3n para tirajes cortos y medios y en un tiempo de respuesta record. Solicita la cantidad que necesites imprimir y elige entre un gran abanico de acabados: Escaneo de planos y documentos Esc\u00e1ner profesional, digitaliza en minutos grandes cantidades [&hellip;]<\/p>\n","protected":false},"author":1,"featured_media":0,"parent":0,"menu_order":0,"comment_status":"closed","ping_status":"closed","template":"","meta":{"footnotes":""},"class_list":["post-122","page","type-page","status-publish","hentry"],"_links":{"self":[{"href":"https:\/\/gnomos.cl\/inicio\/wp-json\/wp\/v2\/pages\/122","targetHints":{"allow":["GET"]}}],"collection":[{"href":"https:\/\/gnomos.cl\/inicio\/wp-json\/wp\/v2\/pages"}],"about":[{"href":"https:\/\/gnomos.cl\/inicio\/wp-json\/wp\/v2\/types\/page"}],"author":[{"embeddable":true,"href":"https:\/\/gnomos.cl\/inicio\/wp-json\/wp\/v2\/users\/1"}],"replies":[{"embeddable":true,"href":"https:\/\/gnomos.cl\/inicio\/wp-json\/wp\/v2\/comments?post=122"}],"version-history":[{"count":13,"href":"https:\/\/gnomos.cl\/inicio\/wp-json\/wp\/v2\/pages\/122\/revisions"}],"predecessor-version":[{"id":142,"href":"https:\/\/gnomos.cl\/inicio\/wp-json\/wp\/v2\/pages\/122\/revisions\/142"}],"wp:attachment":[{"href":"https:\/\/gnomos.cl\/inicio\/wp-json\/wp\/v2\/media?parent=122"}],"curies":[{"name":"wp","href":"https:\/\/api.w.org\/{rel}","templated":true}]}}